{"id":34,"date":"2023-03-13T15:34:33","date_gmt":"2023-03-13T14:34:33","guid":{"rendered":"https:\/\/www.mzntransport.fr\/?page_id=34"},"modified":"2024-08-09T18:41:15","modified_gmt":"2024-08-09T16:41:15","slug":"demenagement-france-international","status":"publish","type":"page","link":"https:\/\/www.mzntransport.fr\/en\/demenagement-france-international\/","title":{"rendered":"D\u00e9m\u00e9nagement"},"content":{"rendered":"\t\t<div data-elementor-type=\"wp-page\" data-elementor-id=\"34\" class=\"elementor elementor-34\" data-elementor-settings=\"{&quot;ha_cmc_init_switcher&quot;:&quot;no&quot;}\">\n\t\t\t\t\t\t<section class=\"elementor-section elementor-top-section elementor-element elementor-element-8d5caec elementor-section-height-min-height elementor-section-boxed elementor-section-height-default elementor-section-items-middle wpr-particle-no wpr-jarallax-no wpr-parallax-no wpr-sticky-section-no wpr-equal-height-no\" data-id=\"8d5caec\" data-element_type=\"section\" data-e-type=\"section\" data-settings=\"{&quot;background_background&quot;:&quot;slideshow&quot;,&quot;background_slideshow_gallery&quot;:[{&quot;id&quot;:993,&quot;url&quot;:&quot;https:\\\/\\\/www.mzntransport.fr\\\/wp-content\\\/uploads\\\/2023\\\/03\\\/Fichier-24@4x.png&quot;}],&quot;background_slideshow_loop&quot;:&quot;yes&quot;,&quot;background_slideshow_slide_duration&quot;:5000,&quot;background_slideshow_slide_transition&quot;:&quot;fade&quot;,&quot;background_slideshow_transition_duration&quot;:500,&quot;_ha_eqh_enable&quot;:false}\">\n\t\t\t\t\t\t<div class=\"elementor-container elementor-column-gap-default\">\n\t\t\t\t\t<div class=\"elementor-column elementor-col-25 elementor-top-column elementor-element elementor-element-b61ae92\" data-id=\"b61ae92\" data-element_type=\"column\" data-e-type=\"column\">\n\t\t\t<div class=\"elementor-widget-wrap\">\n\t\t\t\t\t\t\t<\/div>\n\t\t<\/div>\n\t\t\t\t<div class=\"elementor-column elementor-col-50 elementor-top-column elementor-element elementor-element-bed277f\" data-id=\"bed277f\" data-element_type=\"column\" data-e-type=\"column\">\n\t\t\t<div class=\"elementor-widget-wrap elementor-element-populated\">\n\t\t\t\t\t\t<div class=\"elementor-element elementor-element-27cb1e8d elementor-widget elementor-widget-elementskit-heading\" data-id=\"27cb1e8d\" data-element_type=\"widget\" data-e-type=\"widget\" data-widget_type=\"elementskit-heading.default\">\n\t\t\t\t<div class=\"elementor-widget-container\">\n\t\t\t\t\t<div class=\"ekit-wid-con\" ><div class=\"ekit-heading elementskit-section-title-wraper center   ekit_heading_tablet-   ekit_heading_mobile-text_center\"><h2 class=\"ekit-heading--title elementskit-section-title \">Notre service de d\u00e9m\u00e9nagement<\/h2>\t\t\t\t<div class='ekit-heading__description'>\n\t\t\t\t\t<p>Lib\u00e9rez-vous d\u2019un stress en faisant appel \u00e0 un service de d\u00e9m\u00e9nagement professionnel. Gr\u00e2ce \u00e0 notre expertise et nos services personnalis\u00e9s MZN Transport vous assure une transition en douceur, s\u00e9curis\u00e9e et efficace vers votre nouvelle destination.<\/p>\n\t\t\t\t<\/div>\n\t\t\t<\/div><\/div>\t\t\t\t<\/div>\n\t\t\t\t<\/div>\n\t\t\t\t\t<\/div>\n\t\t<\/div>\n\t\t\t\t<div class=\"elementor-column elementor-col-25 elementor-top-column elementor-element elementor-element-3d86809\" data-id=\"3d86809\" data-element_type=\"column\" data-e-type=\"column\">\n\t\t\t<div class=\"elementor-widget-wrap\">\n\t\t\t\t\t\t\t<\/div>\n\t\t<\/div>\n\t\t\t\t\t<\/div>\n\t\t<\/section>\n\t\t\t\t<section class=\"elementor-section elementor-top-section elementor-element elementor-element-40a811c elementor-section-boxed elementor-section-height-default elementor-section-height-default wpr-particle-no wpr-jarallax-no wpr-parallax-no wpr-sticky-section-no wpr-equal-height-no\" data-id=\"40a811c\" data-element_type=\"section\" data-e-type=\"section\" data-settings=\"{&quot;background_background&quot;:&quot;classic&quot;,&quot;_ha_eqh_enable&quot;:false}\">\n\t\t\t\t\t\t<div class=\"elementor-container elementor-column-gap-default\">\n\t\t\t\t\t<div class=\"elementor-column elementor-col-100 elementor-top-column elementor-element elementor-element-5b3bf27\" data-id=\"5b3bf27\" data-element_type=\"column\" data-e-type=\"column\">\n\t\t\t<div class=\"elementor-widget-wrap elementor-element-populated\">\n\t\t\t\t\t\t<div class=\"elementor-element elementor-element-3d9d770a elementor-widget elementor-widget-elementskit-heading\" data-id=\"3d9d770a\" data-element_type=\"widget\" data-e-type=\"widget\" data-widget_type=\"elementskit-heading.default\">\n\t\t\t\t<div class=\"elementor-widget-container\">\n\t\t\t\t\t<div class=\"ekit-wid-con\" ><div class=\"ekit-heading elementskit-section-title-wraper text_center   ekit_heading_tablet-   ekit_heading_mobile-\"><h2 class=\"ekit-heading--title elementskit-section-title \">Au niveau national ou international <\/h2>\t\t\t\t<div class='ekit-heading__description'>\n\t\t\t\t\t<p>Notre est en mesure de vous d\u00e9manger eu niveau national ou international. Forts de nombreuses exp\u00e9riences en d\u00e9m\u00e9nagement multimodaux, nous sommes en mesures de prendre en charge votre demande ou vous soyez dans le monde<\/p>\n\t\t\t\t<\/div>\n\t\t\t<\/div><\/div>\t\t\t\t<\/div>\n\t\t\t\t<\/div>\n\t\t\t\t\t<\/div>\n\t\t<\/div>\n\t\t\t\t\t<\/div>\n\t\t<\/section>\n\t\t\t\t<section class=\"elementor-section elementor-top-section elementor-element elementor-element-417cff4e elementor-section-boxed elementor-section-height-default elementor-section-height-default wpr-particle-no wpr-jarallax-no wpr-parallax-no wpr-sticky-section-no wpr-equal-height-no elementor-invisible\" data-id=\"417cff4e\" data-element_type=\"section\" data-e-type=\"section\" data-settings=\"{&quot;background_background&quot;:&quot;classic&quot;,&quot;animation&quot;:&quot;fadeInLeft&quot;,&quot;_ha_eqh_enable&quot;:false}\">\n\t\t\t\t\t\t<div class=\"elementor-container elementor-column-gap-default\">\n\t\t\t\t\t<div class=\"elementor-column elementor-col-50 elementor-top-column elementor-element elementor-element-157af675 elementor-hidden-mobile\" data-id=\"157af675\" data-element_type=\"column\" data-e-type=\"column\" data-settings=\"{&quot;background_background&quot;:&quot;classic&quot;}\">\n\t\t\t<div class=\"elementor-widget-wrap\">\n\t\t\t\t\t\t\t<\/div>\n\t\t<\/div>\n\t\t\t\t<div class=\"elementor-column elementor-col-50 elementor-top-column elementor-element elementor-element-61af45a5\" data-id=\"61af45a5\" data-element_type=\"column\" data-e-type=\"column\">\n\t\t\t<div class=\"elementor-widget-wrap elementor-element-populated\">\n\t\t\t\t\t\t<div class=\"elementor-element elementor-element-4c262cbd elementor-widget elementor-widget-elementskit-heading\" data-id=\"4c262cbd\" data-element_type=\"widget\" data-e-type=\"widget\" data-widget_type=\"elementskit-heading.default\">\n\t\t\t\t<div class=\"elementor-widget-container\">\n\t\t\t\t\t<div class=\"ekit-wid-con\" ><div class=\"ekit-heading elementskit-section-title-wraper text_center   ekit_heading_tablet-   ekit_heading_mobile-\"><h2 class=\"ekit-heading--title elementskit-section-title \">Planification personnalis\u00e9e<\/h2>\t\t\t\t<div class='ekit-heading__description'>\n\t\t\t\t\t<p>Les services de d\u00e9m\u00e9nagement offrent une approche personnalis\u00e9e pour r\u00e9pondre \u00e0 vos besoins sp\u00e9cifiques. Cela inclut une \u00e9valuation d\u00e9taill\u00e9e de vos biens \u00e0 d\u00e9m\u00e9nager, la proposition d'un itin\u00e9raire optimis\u00e9, et la planification de chaque \u00e9tape en fonction de votre calendrier et de votre budget.<\/p>\n\t\t\t\t<\/div>\n\t\t\t<\/div><\/div>\t\t\t\t<\/div>\n\t\t\t\t<\/div>\n\t\t\t\t\t<\/div>\n\t\t<\/div>\n\t\t\t\t\t<\/div>\n\t\t<\/section>\n\t\t\t\t<section class=\"elementor-section elementor-top-section elementor-element elementor-element-1368b00 elementor-section-boxed elementor-section-height-default elementor-section-height-default wpr-particle-no wpr-jarallax-no wpr-parallax-no wpr-sticky-section-no wpr-equal-height-no elementor-invisible\" data-id=\"1368b00\" data-element_type=\"section\" data-e-type=\"section\" data-settings=\"{&quot;background_background&quot;:&quot;classic&quot;,&quot;animation&quot;:&quot;fadeInRight&quot;,&quot;_ha_eqh_enable&quot;:false}\">\n\t\t\t\t\t\t<div class=\"elementor-container elementor-column-gap-default\">\n\t\t\t\t\t<div class=\"elementor-column elementor-col-50 elementor-top-column elementor-element elementor-element-d51705b\" data-id=\"d51705b\" data-element_type=\"column\" data-e-type=\"column\">\n\t\t\t<div class=\"elementor-widget-wrap elementor-element-populated\">\n\t\t\t\t\t\t<div class=\"elementor-element elementor-element-ce001e0 elementor-widget elementor-widget-elementskit-heading\" data-id=\"ce001e0\" data-element_type=\"widget\" data-e-type=\"widget\" data-widget_type=\"elementskit-heading.default\">\n\t\t\t\t<div class=\"elementor-widget-container\">\n\t\t\t\t\t<div class=\"ekit-wid-con\" ><div class=\"ekit-heading elementskit-section-title-wraper text_center   ekit_heading_tablet-   ekit_heading_mobile-\"><h2 class=\"ekit-heading--title elementskit-section-title \">S\u00e9curit\u00e9 et protection de vos biens <\/h2>\t\t\t\t<div class='ekit-heading__description'>\n\t\t\t\t\t<p>Chez MZN Transport, nos \u00e9quipes utilisent des techniques d'emballage et des fournitures de haute qualit\u00e9 pour prot\u00e9ger vos objets, qu'il s'agisse de meubles, d'\u00e9quipements \u00e9lectroniques, ou d'objets de valeur. De plus, nous pouvons vous proposer des assurances compl\u00e8tes qui couvrent les \u00e9ventuels dommages ou pertes, vous offrant ainsi une tranquillit\u00e9 d'esprit suppl\u00e9mentaire.<\/p>\n\t\t\t\t<\/div>\n\t\t\t<\/div><\/div>\t\t\t\t<\/div>\n\t\t\t\t<\/div>\n\t\t\t\t\t<\/div>\n\t\t<\/div>\n\t\t\t\t<div class=\"elementor-column elementor-col-50 elementor-top-column elementor-element elementor-element-1eeadba elementor-hidden-mobile\" data-id=\"1eeadba\" data-element_type=\"column\" data-e-type=\"column\" data-settings=\"{&quot;background_background&quot;:&quot;classic&quot;}\">\n\t\t\t<div class=\"elementor-widget-wrap\">\n\t\t\t\t\t\t\t<\/div>\n\t\t<\/div>\n\t\t\t\t\t<\/div>\n\t\t<\/section>\n\t\t\t\t<section class=\"elementor-section elementor-top-section elementor-element elementor-element-703f49d elementor-section-boxed elementor-section-height-default elementor-section-height-default wpr-particle-no wpr-jarallax-no wpr-parallax-no wpr-sticky-section-no wpr-equal-height-no elementor-invisible\" data-id=\"703f49d\" data-element_type=\"section\" data-e-type=\"section\" data-settings=\"{&quot;background_background&quot;:&quot;classic&quot;,&quot;animation&quot;:&quot;fadeInLeft&quot;,&quot;_ha_eqh_enable&quot;:false}\">\n\t\t\t\t\t\t<div class=\"elementor-container elementor-column-gap-default\">\n\t\t\t\t\t<div class=\"elementor-column elementor-col-50 elementor-top-column elementor-element elementor-element-c2be70b elementor-hidden-mobile\" data-id=\"c2be70b\" data-element_type=\"column\" data-e-type=\"column\" data-settings=\"{&quot;background_background&quot;:&quot;classic&quot;}\">\n\t\t\t<div class=\"elementor-widget-wrap\">\n\t\t\t\t\t\t\t<\/div>\n\t\t<\/div>\n\t\t\t\t<div class=\"elementor-column elementor-col-50 elementor-top-column elementor-element elementor-element-fe73bca\" data-id=\"fe73bca\" data-element_type=\"column\" data-e-type=\"column\">\n\t\t\t<div class=\"elementor-widget-wrap elementor-element-populated\">\n\t\t\t\t\t\t<div class=\"elementor-element elementor-element-be7f0b0 elementor-widget elementor-widget-elementskit-heading\" data-id=\"be7f0b0\" data-element_type=\"widget\" data-e-type=\"widget\" data-widget_type=\"elementskit-heading.default\">\n\t\t\t\t<div class=\"elementor-widget-container\">\n\t\t\t\t\t<div class=\"ekit-wid-con\" ><div class=\"ekit-heading elementskit-section-title-wraper text_center   ekit_heading_tablet-   ekit_heading_mobile-\"><h2 class=\"ekit-heading--title elementskit-section-title \">Gestion des formalit\u00e9s douani\u00e8res <\/h2>\t\t\t\t<div class='ekit-heading__description'>\n\t\t\t\t\t<p>Chaque pays a ses propres r\u00e9glementations douani\u00e8res, exigences en mati\u00e8re d'importation, et restrictions sur certains biens. MZN Transport vous guide \u00e0 travers le processus complexe de documentation et de conformit\u00e9 douani\u00e8re. Cela inclut la pr\u00e9paration des documents n\u00e9cessaires, la gestion des taxes d'importation, et l'assurance que vos biens sont en r\u00e8gle avec les lois locales, ce qui r\u00e9duit les risques de retards ou de confiscation.<\/p>\n\t\t\t\t<\/div>\n\t\t\t<\/div><\/div>\t\t\t\t<\/div>\n\t\t\t\t<\/div>\n\t\t\t\t\t<\/div>\n\t\t<\/div>\n\t\t\t\t\t<\/div>\n\t\t<\/section>\n\t\t\t\t<section class=\"elementor-section elementor-top-section elementor-element elementor-element-11fd863 elementor-section-boxed elementor-section-height-default elementor-section-height-default wpr-particle-no wpr-jarallax-no wpr-parallax-no wpr-sticky-section-no wpr-equal-height-no\" data-id=\"11fd863\" data-element_type=\"section\" data-e-type=\"section\" id=\"xs_cta_style_22\" data-settings=\"{&quot;background_background&quot;:&quot;classic&quot;,&quot;_ha_eqh_enable&quot;:false}\">\n\t\t\t\t\t\t<div class=\"elementor-container elementor-column-gap-default\">\n\t\t\t\t\t<div class=\"elementor-column elementor-col-100 elementor-top-column elementor-element elementor-element-35f8df71\" data-id=\"35f8df71\" data-element_type=\"column\" data-e-type=\"column\">\n\t\t\t<div class=\"elementor-widget-wrap elementor-element-populated\">\n\t\t\t\t\t\t<div class=\"elementor-element elementor-element-5d2a3f60 elementor-widget elementor-widget-elementskit-heading\" data-id=\"5d2a3f60\" data-element_type=\"widget\" data-e-type=\"widget\" data-widget_type=\"elementskit-heading.default\">\n\t\t\t\t<div class=\"elementor-widget-container\">\n\t\t\t\t\t<div class=\"ekit-wid-con\" ><div class=\"ekit-heading elementskit-section-title-wraper text_center   ekit_heading_tablet-   ekit_heading_mobile-\"><h2 class=\"ekit-heading--title elementskit-section-title \">Optez pour un service de d\u00e9m\u00e9nagement professionnel et simplifiez vous la vie !<\/h2><\/div><\/div>\t\t\t\t<\/div>\n\t\t\t\t<\/div>\n\t\t\t\t<section class=\"elementor-section elementor-inner-section elementor-element elementor-element-85165e0 elementor-section-boxed elementor-section-height-default elementor-section-height-default wpr-particle-no wpr-jarallax-no wpr-parallax-no wpr-sticky-section-no wpr-equal-height-no elementor-invisible\" data-id=\"85165e0\" data-element_type=\"section\" data-e-type=\"section\" data-settings=\"{&quot;background_background&quot;:&quot;classic&quot;,&quot;animation&quot;:&quot;zoomIn&quot;,&quot;_ha_eqh_enable&quot;:false}\">\n\t\t\t\t\t\t<div class=\"elementor-container elementor-column-gap-default\">\n\t\t\t\t\t<div class=\"elementor-column elementor-col-100 elementor-inner-column elementor-element elementor-element-1abcd982\" data-id=\"1abcd982\" data-element_type=\"column\" data-e-type=\"column\">\n\t\t\t<div class=\"elementor-widget-wrap elementor-element-populated\">\n\t\t\t\t\t\t<div class=\"elementor-element elementor-element-69650e5d elementor-widget elementor-widget-elementskit-heading\" data-id=\"69650e5d\" data-element_type=\"widget\" data-e-type=\"widget\" data-widget_type=\"elementskit-heading.default\">\n\t\t\t\t<div class=\"elementor-widget-container\">\n\t\t\t\t\t<div class=\"ekit-wid-con\" ><div class=\"ekit-heading elementskit-section-title-wraper center   ekit_heading_tablet-   ekit_heading_mobile-\"><h2 class=\"ekit-heading--title elementskit-section-title \">Contactez-nous<\/h2><\/div><\/div>\t\t\t\t<\/div>\n\t\t\t\t<\/div>\n\t\t\t\t<div class=\"elementor-element elementor-element-457c9230 elementor-align--mobilecenter elementor-align-center elementor-invisible elementor-widget elementor-widget-elementskit-button\" data-id=\"457c9230\" data-element_type=\"widget\" data-e-type=\"widget\" data-settings=\"{&quot;_animation&quot;:&quot;flash&quot;}\" data-widget_type=\"elementskit-button.default\">\n\t\t\t\t<div class=\"elementor-widget-container\">\n\t\t\t\t\t<div class=\"ekit-wid-con\" >\t\t<div class=\"ekit-btn-wraper\">\n\t\t\t\t\t\t\t<a href=\"https:\/\/www.mzntransport.fr\/contact\/\" target=\"_blank\" class=\"elementskit-btn  whitespace--normal\" id=\"\">\n\t\t\t\t\tNos coordonn\u00e9es juste ici\t\t\t\t<\/a>\n\t\t\t\t\t<\/div>\n        <\/div>\t\t\t\t<\/div>\n\t\t\t\t<\/div>\n\t\t\t\t\t<\/div>\n\t\t<\/div>\n\t\t\t\t\t<\/div>\n\t\t<\/section>\n\t\t\t\t\t<\/div>\n\t\t<\/div>\n\t\t\t\t\t<\/div>\n\t\t<\/section>\n\t\t\t\t<\/div>\n\t\t","protected":false},"excerpt":{"rendered":"<p>Notre service de d\u00e9m\u00e9nagement Lib\u00e9rez-vous d\u2019un stress en faisant appel \u00e0 un service de d\u00e9m\u00e9nagement professionnel. Gr\u00e2ce \u00e0 notre expertise et nos services personnalis\u00e9s MZN Transport vous assure une transition en douceur, s\u00e9curis\u00e9e et efficace vers votre nouvelle destination. Au niveau national ou international Notre est en mesure de vous d\u00e9manger eu niveau national ou international. Forts de nombreuses exp\u00e9riences en d\u00e9m\u00e9nagement multimodaux, nous sommes en mesures de prendre en charge votre demande ou vous soyez dans le monde Planification personnalis\u00e9e Les services de d\u00e9m\u00e9nagement offrent une approche personnalis\u00e9e pour r\u00e9pondre \u00e0 vos besoins sp\u00e9cifiques. Cela inclut une \u00e9valuation d\u00e9taill\u00e9e de vos biens \u00e0 d\u00e9m\u00e9nager, la proposition d&rsquo;un itin\u00e9raire optimis\u00e9, et la planification de chaque \u00e9tape en fonction de votre calendrier et de votre budget. S\u00e9curit\u00e9 et protection de vos biens Chez MZN Transport, nos \u00e9quipes utilisent des techniques d&#8217;emballage et des fournitures de haute qualit\u00e9 pour prot\u00e9ger vos objets, qu&rsquo;il s&rsquo;agisse de meubles, d&rsquo;\u00e9quipements \u00e9lectroniques, ou d&rsquo;objets de valeur. De plus, nous pouvons vous proposer des assurances compl\u00e8tes qui couvrent les \u00e9ventuels dommages ou pertes, vous offrant ainsi une tranquillit\u00e9 d&rsquo;esprit suppl\u00e9mentaire. Gestion des formalit\u00e9s douani\u00e8res Chaque pays a ses propres r\u00e9glementations douani\u00e8res, exigences en mati\u00e8re d&rsquo;importation, et restrictions sur certains biens. MZN Transport vous guide \u00e0 travers le processus complexe de documentation et de conformit\u00e9 douani\u00e8re. Cela inclut la pr\u00e9paration des documents n\u00e9cessaires, la gestion des taxes d&rsquo;importation, et l&rsquo;assurance que vos biens sont en r\u00e8gle avec les lois locales, ce qui r\u00e9duit les risques de retards ou de confiscation. Optez pour un service de d\u00e9m\u00e9nagement professionnel et simplifiez vous la vie ! Contactez-nous Nos coordonn\u00e9es juste ici<\/p>","protected":false},"author":1,"featured_media":0,"parent":0,"menu_order":0,"comment_status":"closed","ping_status":"closed","template":"","meta":{"footnotes":""},"class_list":["post-34","page","type-page","status-publish","hentry"],"_links":{"self":[{"href":"https:\/\/www.mzntransport.fr\/en\/wp-json\/wp\/v2\/pages\/34","targetHints":{"allow":["GET"]}}],"collection":[{"href":"https:\/\/www.mzntransport.fr\/en\/wp-json\/wp\/v2\/pages"}],"about":[{"href":"https:\/\/www.mzntransport.fr\/en\/wp-json\/wp\/v2\/types\/page"}],"author":[{"embeddable":true,"href":"https:\/\/www.mzntransport.fr\/en\/wp-json\/wp\/v2\/users\/1"}],"replies":[{"embeddable":true,"href":"https:\/\/www.mzntransport.fr\/en\/wp-json\/wp\/v2\/comments?post=34"}],"version-history":[{"count":27,"href":"https:\/\/www.mzntransport.fr\/en\/wp-json\/wp\/v2\/pages\/34\/revisions"}],"predecessor-version":[{"id":3414,"href":"https:\/\/www.mzntransport.fr\/en\/wp-json\/wp\/v2\/pages\/34\/revisions\/3414"}],"wp:attachment":[{"href":"https:\/\/www.mzntransport.fr\/en\/wp-json\/wp\/v2\/media?parent=34"}],"curies":[{"name":"wp","href":"https:\/\/api.w.org\/{rel}","templated":true}]}}