{"id":3503,"date":"2025-10-24T11:49:04","date_gmt":"2025-10-24T09:49:04","guid":{"rendered":"https:\/\/www.mzntransport.fr\/?page_id=3503"},"modified":"2025-10-24T15:30:19","modified_gmt":"2025-10-24T13:30:19","slug":"transport-dexplosifs-adr","status":"publish","type":"page","link":"http:\/\/www.mzntransport.fr\/en\/transport-dexplosifs-adr\/","title":{"rendered":"Transport ADR"},"content":{"rendered":"\t\t<div data-elementor-type=\"wp-page\" data-elementor-id=\"3503\" class=\"elementor elementor-3503\" data-elementor-settings=\"{&quot;ha_cmc_init_switcher&quot;:&quot;no&quot;}\">\n\t\t\t\t\t\t<section class=\"elementor-section elementor-top-section elementor-element elementor-element-5e5c537 elementor-section-height-min-height elementor-section-items-stretch elementor-section-boxed elementor-section-height-default wpr-particle-no wpr-jarallax-no wpr-parallax-no wpr-sticky-section-no wpr-equal-height-no\" data-id=\"5e5c537\" data-element_type=\"section\" data-e-type=\"section\" data-settings=\"{&quot;background_background&quot;:&quot;gradient&quot;,&quot;_ha_eqh_enable&quot;:false}\">\n\t\t\t\t\t\t<div class=\"elementor-container elementor-column-gap-default\">\n\t\t\t\t\t<div class=\"elementor-column elementor-col-100 elementor-top-column elementor-element elementor-element-4cc5135\" data-id=\"4cc5135\" data-element_type=\"column\" data-e-type=\"column\">\n\t\t\t<div class=\"elementor-widget-wrap elementor-element-populated\">\n\t\t\t\t\t\t<div class=\"elementor-element elementor-element-35b2e94 elementor-absolute elementor-widget elementor-widget-elementskit-heading\" data-id=\"35b2e94\" data-element_type=\"widget\" data-e-type=\"widget\" data-settings=\"{&quot;_position&quot;:&quot;absolute&quot;}\" data-widget_type=\"elementskit-heading.default\">\n\t\t\t\t<div class=\"elementor-widget-container\">\n\t\t\t\t\t<div class=\"ekit-wid-con\" ><div class=\"ekit-heading elementskit-section-title-wraper text_center   ekit_heading_tablet-   ekit_heading_mobile-text_center\"><h2 class=\"ekit-heading--title elementskit-section-title \">Transport ADR<\/h2><\/div><\/div>\t\t\t\t<\/div>\n\t\t\t\t<\/div>\n\t\t\t\t<div class=\"elementor-element elementor-element-4b03835 elementor-widget elementor-widget-image\" data-id=\"4b03835\" data-element_type=\"widget\" data-e-type=\"widget\" data-widget_type=\"image.default\">\n\t\t\t\t<div class=\"elementor-widget-container\">\n\t\t\t\t\t\t\t\t\t\t\t\t\t\t\t<img fetchpriority=\"high\" decoding=\"async\" width=\"1200\" height=\"630\" src=\"https:\/\/www.mzntransport.fr\/wp-content\/uploads\/2025\/10\/PHOTO-2025-10-24-15-07-31-1.jpg\" class=\"attachment-full size-full wp-image-3535\" alt=\"\" srcset=\"https:\/\/www.mzntransport.fr\/wp-content\/uploads\/2025\/10\/PHOTO-2025-10-24-15-07-31-1.jpg 1200w, https:\/\/www.mzntransport.fr\/wp-content\/uploads\/2025\/10\/PHOTO-2025-10-24-15-07-31-1-300x158.jpg 300w, https:\/\/www.mzntransport.fr\/wp-content\/uploads\/2025\/10\/PHOTO-2025-10-24-15-07-31-1-1024x538.jpg 1024w, https:\/\/www.mzntransport.fr\/wp-content\/uploads\/2025\/10\/PHOTO-2025-10-24-15-07-31-1-768x403.jpg 768w, https:\/\/www.mzntransport.fr\/wp-content\/uploads\/2025\/10\/PHOTO-2025-10-24-15-07-31-1-18x9.jpg 18w, https:\/\/www.mzntransport.fr\/wp-content\/uploads\/2025\/10\/elementor\/thumbs\/PHOTO-2025-10-24-15-07-31-1-rdohu4h5552m5uvee1ro1zr8ktl31oykqmdz6dwt0o.jpg 7w\" sizes=\"(max-width: 1200px) 100vw, 1200px\" \/>\t\t\t\t\t\t\t\t\t\t\t\t\t\t\t<\/div>\n\t\t\t\t<\/div>\n\t\t\t\t\t<\/div>\n\t\t<\/div>\n\t\t\t\t\t<\/div>\n\t\t<\/section>\n\t\t\t\t<section class=\"elementor-section elementor-top-section elementor-element elementor-element-4a4c4a32 elementor-section-boxed elementor-section-height-default elementor-section-height-default wpr-particle-no wpr-jarallax-no wpr-parallax-no wpr-sticky-section-no wpr-equal-height-no\" data-id=\"4a4c4a32\" data-element_type=\"section\" data-e-type=\"section\" data-settings=\"{&quot;background_background&quot;:&quot;classic&quot;,&quot;_ha_eqh_enable&quot;:false}\">\n\t\t\t\t\t\t<div class=\"elementor-container elementor-column-gap-default\">\n\t\t\t\t\t<div class=\"elementor-column elementor-col-50 elementor-top-column elementor-element elementor-element-5e55a686\" data-id=\"5e55a686\" data-element_type=\"column\" data-e-type=\"column\">\n\t\t\t<div class=\"elementor-widget-wrap elementor-element-populated\">\n\t\t\t\t\t\t<div class=\"elementor-element elementor-element-6ca3329a elementor-widget elementor-widget-elementskit-heading\" data-id=\"6ca3329a\" data-element_type=\"widget\" data-e-type=\"widget\" data-widget_type=\"elementskit-heading.default\">\n\t\t\t\t<div class=\"elementor-widget-container\">\n\t\t\t\t\t<div class=\"ekit-wid-con\" ><div class=\"ekit-heading elementskit-section-title-wraper text_left   ekit_heading_tablet-   ekit_heading_mobile-text_center\"><h2 class=\"ekit-heading--title elementskit-section-title \">Transport radioactif<\/h2>\t\t\t\t<div class='ekit-heading__description'>\n\t\t\t\t\t<p>Nos conducteurs et nos \u00e9quipes techniques sont sp\u00e9cialement form\u00e9s \u00e0 la manipulation et au transport de substances radioactives. Nous respectons l\u2019ensemble des r\u00e9glementations nationales et europ\u00e9ennes, garantissant une tra\u00e7abilit\u00e9 totale et une conformit\u00e9 sans faille \u00e0 la l\u00e9gislation ADR Classe 7.<\/p>\n<p>La s\u00e9curit\u00e9 radiologique est au c\u0153ur de nos priorit\u00e9s. MZN Transport applique des protocoles stricts de surveillance, de contr\u00f4le et de d\u00e9contamination en cas d\u2019incident. Nous collaborons \u00e9troitement avec nos clients et les autorit\u00e9s comp\u00e9tentes pour garantir un transport irr\u00e9prochable et en toute confiance.<\/p>\n\t\t\t\t<\/div>\n\t\t\t<\/div><\/div>\t\t\t\t<\/div>\n\t\t\t\t<\/div>\n\t\t\t\t\t<\/div>\n\t\t<\/div>\n\t\t\t\t<div class=\"elementor-column elementor-col-50 elementor-top-column elementor-element elementor-element-46146dfd\" data-id=\"46146dfd\" data-element_type=\"column\" data-e-type=\"column\">\n\t\t\t<div class=\"elementor-widget-wrap elementor-element-populated\">\n\t\t\t\t\t\t<div class=\"elementor-element elementor-element-0332fdc elementor-widget elementor-widget-image\" data-id=\"0332fdc\" data-element_type=\"widget\" data-e-type=\"widget\" data-widget_type=\"image.default\">\n\t\t\t\t<div class=\"elementor-widget-container\">\n\t\t\t\t\t\t\t\t\t\t\t\t\t\t\t<img decoding=\"async\" width=\"409\" height=\"474\" src=\"https:\/\/www.mzntransport.fr\/wp-content\/uploads\/2025\/10\/Capture-decran-2025-10-24-a-14.36.10.png\" class=\"attachment-full size-full wp-image-3524\" alt=\"\" srcset=\"https:\/\/www.mzntransport.fr\/wp-content\/uploads\/2025\/10\/Capture-decran-2025-10-24-a-14.36.10.png 409w, https:\/\/www.mzntransport.fr\/wp-content\/uploads\/2025\/10\/Capture-decran-2025-10-24-a-14.36.10-259x300.png 259w, https:\/\/www.mzntransport.fr\/wp-content\/uploads\/2025\/10\/Capture-decran-2025-10-24-a-14.36.10-10x12.png 10w\" sizes=\"(max-width: 409px) 100vw, 409px\" \/>\t\t\t\t\t\t\t\t\t\t\t\t\t\t\t<\/div>\n\t\t\t\t<\/div>\n\t\t\t\t\t<\/div>\n\t\t<\/div>\n\t\t\t\t\t<\/div>\n\t\t<\/section>\n\t\t\t\t<section class=\"elementor-section elementor-top-section elementor-element elementor-element-0b34b98 elementor-section-boxed elementor-section-height-default elementor-section-height-default wpr-particle-no wpr-jarallax-no wpr-parallax-no wpr-sticky-section-no wpr-equal-height-no\" data-id=\"0b34b98\" data-element_type=\"section\" data-e-type=\"section\" data-settings=\"{&quot;background_background&quot;:&quot;classic&quot;,&quot;_ha_eqh_enable&quot;:false}\">\n\t\t\t\t\t\t<div class=\"elementor-container elementor-column-gap-default\">\n\t\t\t\t\t<div class=\"elementor-column elementor-col-50 elementor-top-column elementor-element elementor-element-2d784ce\" data-id=\"2d784ce\" data-element_type=\"column\" data-e-type=\"column\">\n\t\t\t<div class=\"elementor-widget-wrap elementor-element-populated\">\n\t\t\t\t\t\t<div class=\"elementor-element elementor-element-4db242d elementor-widget elementor-widget-image\" data-id=\"4db242d\" data-element_type=\"widget\" data-e-type=\"widget\" data-widget_type=\"image.default\">\n\t\t\t\t<div class=\"elementor-widget-container\">\n\t\t\t\t\t\t\t\t\t\t\t\t\t\t\t<img decoding=\"async\" width=\"448\" height=\"309\" src=\"https:\/\/www.mzntransport.fr\/wp-content\/uploads\/2025\/10\/Capture-decran-2025-10-24-a-11.29.00-1.png\" class=\"attachment-medium_large size-medium_large wp-image-3523\" alt=\"\" srcset=\"https:\/\/www.mzntransport.fr\/wp-content\/uploads\/2025\/10\/Capture-decran-2025-10-24-a-11.29.00-1.png 448w, https:\/\/www.mzntransport.fr\/wp-content\/uploads\/2025\/10\/Capture-decran-2025-10-24-a-11.29.00-1-300x207.png 300w, https:\/\/www.mzntransport.fr\/wp-content\/uploads\/2025\/10\/Capture-decran-2025-10-24-a-11.29.00-1-18x12.png 18w\" sizes=\"(max-width: 448px) 100vw, 448px\" \/>\t\t\t\t\t\t\t\t\t\t\t\t\t\t\t<\/div>\n\t\t\t\t<\/div>\n\t\t\t\t\t<\/div>\n\t\t<\/div>\n\t\t\t\t<div class=\"elementor-column elementor-col-50 elementor-top-column elementor-element elementor-element-a04df5e\" data-id=\"a04df5e\" data-element_type=\"column\" data-e-type=\"column\">\n\t\t\t<div class=\"elementor-widget-wrap elementor-element-populated\">\n\t\t\t\t\t\t<div class=\"elementor-element elementor-element-66494da elementor-widget elementor-widget-elementskit-heading\" data-id=\"66494da\" data-element_type=\"widget\" data-e-type=\"widget\" data-widget_type=\"elementskit-heading.default\">\n\t\t\t\t<div class=\"elementor-widget-container\">\n\t\t\t\t\t<div class=\"ekit-wid-con\" ><div class=\"ekit-heading elementskit-section-title-wraper text_left   ekit_heading_tablet-   ekit_heading_mobile-text_center\"><h2 class=\"ekit-heading--title elementskit-section-title \">Transport d'explosifs<\/h2>\t\t\t\t<div class='ekit-heading__description'>\n\t\t\t\t\t<p>Nos \u00e9quipes sont form\u00e9es et certifi\u00e9es ADR pour garantir un transport s\u00fbr et responsable. Chaque v\u00e9hicule est sp\u00e9cialement am\u00e9nag\u00e9 pour le transport d\u2019explosifs et fait l\u2019objet d\u2019un entretien r\u00e9gulier afin de r\u00e9pondre aux exigences les plus strictes. Nous veillons \u00e0 ce que chaque exp\u00e9dition respecte l\u2019ensemble des obligations r\u00e9glementaires et de s\u00e9curit\u00e9.<\/p>\n<p>MZN Transport propose un suivi complet de vos envois, de la pr\u00e9paration \u00e0 la livraison. Nous prenons en charge les formalit\u00e9s administratives, le conditionnement s\u00e9curis\u00e9 et le suivi en temps r\u00e9el des marchandises pour offrir \u00e0 nos clients une visibilit\u00e9 totale et une tranquillit\u00e9 d\u2019esprit.<\/p>\n\n<p>\u00a0<\/p>\n\t\t\t\t<\/div>\n\t\t\t<\/div><\/div>\t\t\t\t<\/div>\n\t\t\t\t<\/div>\n\t\t\t\t\t<\/div>\n\t\t<\/div>\n\t\t\t\t\t<\/div>\n\t\t<\/section>\n\t\t\t\t<section class=\"elementor-section elementor-top-section elementor-element elementor-element-ff14580 elementor-hidden-desktop elementor-section-boxed elementor-section-height-default elementor-section-height-default wpr-particle-no wpr-jarallax-no wpr-parallax-no wpr-sticky-section-no wpr-equal-height-no\" data-id=\"ff14580\" data-element_type=\"section\" data-e-type=\"section\" data-settings=\"{&quot;background_background&quot;:&quot;classic&quot;,&quot;_ha_eqh_enable&quot;:false}\">\n\t\t\t\t\t\t<div class=\"elementor-container elementor-column-gap-default\">\n\t\t\t\t\t<div class=\"elementor-column elementor-col-100 elementor-top-column elementor-element elementor-element-aa34ffd\" data-id=\"aa34ffd\" data-element_type=\"column\" data-e-type=\"column\">\n\t\t\t<div class=\"elementor-widget-wrap elementor-element-populated\">\n\t\t\t\t\t\t<div class=\"elementor-element elementor-element-a035041 elementor-widget elementor-widget-spacer\" data-id=\"a035041\" data-element_type=\"widget\" data-e-type=\"widget\" data-widget_type=\"spacer.default\">\n\t\t\t\t<div class=\"elementor-widget-container\">\n\t\t\t\t\t\t\t<div class=\"elementor-spacer\">\n\t\t\t<div class=\"elementor-spacer-inner\"><\/div>\n\t\t<\/div>\n\t\t\t\t\t\t<\/div>\n\t\t\t\t<\/div>\n\t\t\t\t\t<\/div>\n\t\t<\/div>\n\t\t\t\t\t<\/div>\n\t\t<\/section>\n\t\t\t\t<section class=\"elementor-section elementor-top-section elementor-element elementor-element-b364a0a elementor-section-boxed elementor-section-height-default elementor-section-height-default wpr-particle-no wpr-jarallax-no wpr-parallax-no wpr-sticky-section-no wpr-equal-height-no\" data-id=\"b364a0a\" data-element_type=\"section\" data-e-type=\"section\" data-settings=\"{&quot;_ha_eqh_enable&quot;:false}\">\n\t\t\t\t\t\t<div class=\"elementor-container elementor-column-gap-default\">\n\t\t\t\t\t<div class=\"elementor-column elementor-col-100 elementor-top-column elementor-element elementor-element-50e135d\" data-id=\"50e135d\" data-element_type=\"column\" data-e-type=\"column\">\n\t\t\t<div class=\"elementor-widget-wrap\">\n\t\t\t\t\t\t\t<\/div>\n\t\t<\/div>\n\t\t\t\t\t<\/div>\n\t\t<\/section>\n\t\t\t\t<section class=\"elementor-section elementor-top-section elementor-element elementor-element-babc7e7 elementor-section-boxed elementor-section-height-default elementor-section-height-default wpr-particle-no wpr-jarallax-no wpr-parallax-no wpr-sticky-section-no wpr-equal-height-no\" data-id=\"babc7e7\" data-element_type=\"section\" data-e-type=\"section\" data-settings=\"{&quot;background_background&quot;:&quot;slideshow&quot;,&quot;background_slideshow_gallery&quot;:[{&quot;id&quot;:2842,&quot;url&quot;:&quot;https:\\\/\\\/www.mzntransport.fr\\\/wp-content\\\/uploads\\\/2023\\\/03\\\/Fichier-48@4x.png&quot;}],&quot;background_slideshow_slide_duration&quot;:5000,&quot;background_slideshow_slide_transition&quot;:&quot;fade&quot;,&quot;background_slideshow_transition_duration&quot;:500,&quot;_ha_eqh_enable&quot;:false}\">\n\t\t\t\t\t\t<div class=\"elementor-container elementor-column-gap-default\">\n\t\t\t\t\t<div class=\"elementor-column elementor-col-50 elementor-top-column elementor-element elementor-element-510d22c\" data-id=\"510d22c\" data-element_type=\"column\" data-e-type=\"column\">\n\t\t\t<div class=\"elementor-widget-wrap elementor-element-populated\">\n\t\t\t\t\t\t<div class=\"elementor-element elementor-element-7792a4d8 elementor-widget elementor-widget-elementskit-heading\" data-id=\"7792a4d8\" data-element_type=\"widget\" data-e-type=\"widget\" data-widget_type=\"elementskit-heading.default\">\n\t\t\t\t<div class=\"elementor-widget-container\">\n\t\t\t\t\t<div class=\"ekit-wid-con\" ><div class=\"ekit-heading elementskit-section-title-wraper text_left   ekit_heading_tablet-   ekit_heading_mobile-text_left\"><h2 class=\"ekit-heading--title elementskit-section-title \">Contactez-nous et obtenez un devis personnalis\u00e9<\/h2><div class=\"ekit_heading_separetor_wraper ekit_heading_elementskit-border-divider elementskit-style-long\"><div class=\"elementskit-border-divider elementskit-style-long\"><\/div><\/div><\/div><\/div>\t\t\t\t<\/div>\n\t\t\t\t<\/div>\n\t\t\t\t<div class=\"elementor-element elementor-element-6a738515 elementor-align-left elementor-align--mobilecenter elementor-invisible elementor-widget elementor-widget-elementskit-button\" data-id=\"6a738515\" data-element_type=\"widget\" data-e-type=\"widget\" data-settings=\"{&quot;_animation&quot;:&quot;flash&quot;}\" data-widget_type=\"elementskit-button.default\">\n\t\t\t\t<div class=\"elementor-widget-container\">\n\t\t\t\t\t<div class=\"ekit-wid-con\" >\t\t<div class=\"ekit-btn-wraper\">\n\t\t\t\t\t\t\t<a href=\"https:\/\/www.mzntransport.fr\/contact\/\" target=\"_blank\" class=\"elementskit-btn  whitespace--normal\" id=\"\">\n\t\t\t\t\tNos coordonn\u00e9es ici\t\t\t\t<\/a>\n\t\t\t\t\t<\/div>\n        <\/div>\t\t\t\t<\/div>\n\t\t\t\t<\/div>\n\t\t\t\t\t<\/div>\n\t\t<\/div>\n\t\t\t\t<div class=\"elementor-column elementor-col-50 elementor-top-column elementor-element elementor-element-e70708c\" data-id=\"e70708c\" data-element_type=\"column\" data-e-type=\"column\">\n\t\t\t<div class=\"elementor-widget-wrap\">\n\t\t\t\t\t\t\t<\/div>\n\t\t<\/div>\n\t\t\t\t\t<\/div>\n\t\t<\/section>\n\t\t\t\t<\/div>\n\t\t","protected":false},"excerpt":{"rendered":"<p>Transport ADR Transport radioactif Nos conducteurs et nos \u00e9quipes techniques sont sp\u00e9cialement form\u00e9s \u00e0 la manipulation et au transport de substances radioactives. Nous respectons l\u2019ensemble des r\u00e9glementations nationales et europ\u00e9ennes, garantissant une tra\u00e7abilit\u00e9 totale et une conformit\u00e9 sans faille \u00e0 la l\u00e9gislation ADR Classe 7. La s\u00e9curit\u00e9 radiologique est au c\u0153ur de nos priorit\u00e9s. MZN Transport applique des protocoles stricts de surveillance, de contr\u00f4le et de d\u00e9contamination en cas d\u2019incident. Nous collaborons \u00e9troitement avec nos clients et les autorit\u00e9s comp\u00e9tentes pour garantir un transport irr\u00e9prochable et en toute confiance. Transport d&rsquo;explosifs Nos \u00e9quipes sont form\u00e9es et certifi\u00e9es ADR pour garantir un transport s\u00fbr et responsable. Chaque v\u00e9hicule est sp\u00e9cialement am\u00e9nag\u00e9 pour le transport d\u2019explosifs et fait l\u2019objet d\u2019un entretien r\u00e9gulier afin de r\u00e9pondre aux exigences les plus strictes. Nous veillons \u00e0 ce que chaque exp\u00e9dition respecte l\u2019ensemble des obligations r\u00e9glementaires et de s\u00e9curit\u00e9. MZN Transport propose un suivi complet de vos envois, de la pr\u00e9paration \u00e0 la livraison. Nous prenons en charge les formalit\u00e9s administratives, le conditionnement s\u00e9curis\u00e9 et le suivi en temps r\u00e9el des marchandises pour offrir \u00e0 nos clients une visibilit\u00e9 totale et une tranquillit\u00e9 d\u2019esprit. Contactez-nous et obtenez un devis personnalis\u00e9 Nos coordonn\u00e9es ici<\/p>","protected":false},"author":1,"featured_media":0,"parent":0,"menu_order":0,"comment_status":"closed","ping_status":"closed","template":"","meta":{"footnotes":""},"class_list":["post-3503","page","type-page","status-publish","hentry"],"_links":{"self":[{"href":"http:\/\/www.mzntransport.fr\/en\/wp-json\/wp\/v2\/pages\/3503","targetHints":{"allow":["GET"]}}],"collection":[{"href":"http:\/\/www.mzntransport.fr\/en\/wp-json\/wp\/v2\/pages"}],"about":[{"href":"http:\/\/www.mzntransport.fr\/en\/wp-json\/wp\/v2\/types\/page"}],"author":[{"embeddable":true,"href":"http:\/\/www.mzntransport.fr\/en\/wp-json\/wp\/v2\/users\/1"}],"replies":[{"embeddable":true,"href":"http:\/\/www.mzntransport.fr\/en\/wp-json\/wp\/v2\/comments?post=3503"}],"version-history":[{"count":30,"href":"http:\/\/www.mzntransport.fr\/en\/wp-json\/wp\/v2\/pages\/3503\/revisions"}],"predecessor-version":[{"id":3556,"href":"http:\/\/www.mzntransport.fr\/en\/wp-json\/wp\/v2\/pages\/3503\/revisions\/3556"}],"wp:attachment":[{"href":"http:\/\/www.mzntransport.fr\/en\/wp-json\/wp\/v2\/media?parent=3503"}],"curies":[{"name":"wp","href":"https:\/\/api.w.org\/{rel}","templated":true}]}}